{"id":6861,"date":"2022-06-25T23:40:35","date_gmt":"2022-06-25T21:40:35","guid":{"rendered":"https:\/\/www.balbuzards.ch\/?page_id=6861"},"modified":"2022-06-29T11:34:03","modified_gmt":"2022-06-29T09:34:03","slug":"participants5","status":"publish","type":"page","link":"https:\/\/www.balbuzards.ch\/en\/participants5\/","title":{"rendered":"Participants 19 June, 2022"},"content":{"rendered":"<p><a href=\"https:\/\/www.balbuzards.ch\/wp-content\/uploads\/2022\/06\/purple-heron-Urs-Meier-1.jpg\" target=\"_blank\" rel=\"noopener\"><img loading=\"lazy\" decoding=\"async\" data-attachment-id=\"6862\" data-permalink=\"https:\/\/www.balbuzards.ch\/en\/participants5\/purple-heron-urs-meier\/\" data-orig-file=\"https:\/\/www.balbuzards.ch\/wp-content\/uploads\/2022\/06\/purple-heron-Urs-Meier-1.jpg\" data-orig-size=\"1000,547\" data-comments-opened=\"0\" data-image-meta=\"{&quot;aperture&quot;:&quot;0&quot;,&quot;credit&quot;:&quot;&quot;,&quot;camera&quot;:&quot;&quot;,&quot;caption&quot;:&quot;&quot;,&quot;created_timestamp&quot;:&quot;0&quot;,&quot;copyright&quot;:&quot;&quot;,&quot;focal_length&quot;:&quot;0&quot;,&quot;iso&quot;:&quot;0&quot;,&quot;shutter_speed&quot;:&quot;0&quot;,&quot;title&quot;:&quot;&quot;,&quot;orientation&quot;:&quot;0&quot;}\" data-image-title=\"purple-heron-Urs-Meier\" data-image-description=\"&lt;p&gt;Purple Heron Ardea purpurea by Urs Meier&lt;\/p&gt;\n\" data-image-caption=\"\" data-large-file=\"https:\/\/www.balbuzards.ch\/wp-content\/uploads\/2022\/06\/purple-heron-Urs-Meier-1.jpg\" class=\"alignnone wp-image-6862 size-full\" src=\"https:\/\/www.balbuzards.ch\/wp-content\/uploads\/2022\/06\/purple-heron-Urs-Meier-1.jpg\" alt=\"Purple Heron Ardea purpurea by Urs Meier\" width=\"1000\" height=\"547\" srcset=\"https:\/\/www.balbuzards.ch\/wp-content\/uploads\/2022\/06\/purple-heron-Urs-Meier-1.jpg 1000w, https:\/\/www.balbuzards.ch\/wp-content\/uploads\/2022\/06\/purple-heron-Urs-Meier-1-300x164.jpg 300w\" sizes=\"auto, (max-width: 1000px) 100vw, 1000px\" \/><\/a><\/p>\n<p style=\"text-align: center;\"><strong>Many thanks to all!<\/strong><\/p>\n<p>Our second Osprey morning involved a few less observers than that of <a href=\"https:\/\/www.balbuzards.ch\/en\/morning4\/\" target=\"_blank\" rel=\"noopener\">May 29<\/a> (the dawn was a bit earlier and the holiday period was just starting), but a few more bird species were seen in total. Many participants photographed an impressive sunrise. Major bird surprises were a Spoonbill at Chevroux, two Oystercatchers circling between the Fanel and the Thielle on Lake Neuch\u00e2tel, as well as a Black Stork and two Whiskered Terns at Sugiez on Lake Morat. Other noticeable species included Honey Buzzard, Hobby, and Marsh Harrier; Night, Squacco and Purple Herons (photo above by Urs Meier); Great and Little Egret, Little Bittern, White Stork, and this time not one, but two Hoopoe. Mammals were not forgotten, with several Beavers, Fox, Hare, Roe Deer, Stoat and Wild Boar observed. Some reptiles were also recorded, including a Water Snake and (unfortunately) invasive Red-eared Slider at two sites. So even if not all participants were lucky enough to see an Osprey (keeping in mind that negative data for this species were as important as positive), everyone still had something nice to remember. Thanks again to all of the following participants, as well as to Martin Zimmerli and Maria-Th\u00e9r\u00e8se and Ferdinand Schweingruber who, even if not participating officially, observed Osprey during the morning, and also to Enzo Bertolo, who saw one flying from Fanel towards the Chablais de Cudrefin in the evening!<\/p>\n<table style=\"border-collapse: collapse; width: 100%; height: 881px;\">\n<tbody>\n<tr>\n<td style=\"width: 50%; text-align: center;\" width=\"160\">J\u00e9r\u00e9my Ang\u00e9loz<\/td>\n<td style=\"width: 50%; text-align: center;\" width=\"160\">Rolf Jordi<\/td>\n<\/tr>\n<tr>\n<td style=\"width: 50%; text-align: center;\">Daniel Aubin<\/td>\n<td style=\"width: 50%; text-align: center;\">Wam Kahumbu Dennler<\/td>\n<\/tr>\n<tr>\n<td style=\"width: 50%; text-align: center;\">Pierre Berlincourt<\/td>\n<td style=\"width: 50%; text-align: center;\">Didier Kneubuehler<\/td>\n<\/tr>\n<tr>\n<td style=\"width: 50%; text-align: center;\">Jean-Louis Berthoud<\/td>\n<td style=\"width: 50%; text-align: center;\">Morgane Krieger\u00a0<\/td>\n<\/tr>\n<tr>\n<td style=\"width: 50%; text-align: center;\">Fabienne Bravo<\/td>\n<td style=\"width: 50%; text-align: center;\">Jean-Emmanuel Lalive<\/td>\n<\/tr>\n<tr>\n<td style=\"width: 50%; text-align: center;\">Dave Brooks\u00a0<\/td>\n<td style=\"width: 50%; text-align: center;\">Denis Landenbergue<\/td>\n<\/tr>\n<tr>\n<td style=\"width: 50%; text-align: center;\">Ric Brown<\/td>\n<td style=\"width: 50%; text-align: center;\">Myrta Lang<\/td>\n<\/tr>\n<tr>\n<td style=\"width: 50%; text-align: center;\">Lorenzo Cavagliotti\u00a0<\/td>\n<td style=\"width: 50%; text-align: center;\">Karin Maurer<\/td>\n<\/tr>\n<tr>\n<td style=\"width: 50%; text-align: center;\">Jo\u00ebl Chappuis<\/td>\n<td style=\"width: 50%; text-align: center;\">Florian Meier<\/td>\n<\/tr>\n<tr>\n<td style=\"width: 50%; text-align: center;\">Emile Curty<\/td>\n<td style=\"width: 50%; text-align: center;\">Urs Meier<\/td>\n<\/tr>\n<tr>\n<td style=\"width: 50%; text-align: center;\">Blaise Droz<\/td>\n<td style=\"width: 50%; text-align: center;\">Dominique Michelat<\/td>\n<\/tr>\n<tr>\n<td style=\"width: 50%; text-align: center;\">Martial Farine<\/td>\n<td style=\"width: 50%; text-align: center;\">Marie Pierre Nibbio<\/td>\n<\/tr>\n<tr>\n<td style=\"width: 50%; text-align: center;\">Pascal Fivaz<\/td>\n<td style=\"width: 50%; text-align: center;\">Simon-Pierre Parrat<\/td>\n<\/tr>\n<tr>\n<td style=\"width: 50%; text-align: center;\">Charles Francey<\/td>\n<td style=\"width: 50%; text-align: center;\">Didier P\u00e9pin<\/td>\n<\/tr>\n<tr>\n<td style=\"width: 50%; text-align: center;\">Niels Friedrich<\/td>\n<td style=\"width: 50%; text-align: center;\">Romina Piffaretti<\/td>\n<\/tr>\n<tr>\n<td style=\"width: 50%; text-align: center;\">Didier Gobbo\u00a0<\/td>\n<td style=\"width: 50%; text-align: center;\">Cathy Poimboeuf<\/td>\n<\/tr>\n<tr>\n<td style=\"width: 50%; text-align: center;\">Martine Guex-Meier<\/td>\n<td style=\"width: 50%; text-align: center;\">Michel Rebetez<\/td>\n<\/tr>\n<tr>\n<td style=\"width: 50%; text-align: center;\">Benjamin Gygax<\/td>\n<td style=\"width: 50%; text-align: center;\">Terence Rebetez<\/td>\n<\/tr>\n<tr>\n<td style=\"width: 50%; text-align: center;\">Alba Hendier<\/td>\n<td style=\"width: 50%; text-align: center;\">Wendy Strahm<\/td>\n<\/tr>\n<tr>\n<td style=\"width: 50%; text-align: center;\">Mathias Herren<\/td>\n<td style=\"width: 50%; text-align: center;\">Marguerite Trocm\u00e9<\/td>\n<\/tr>\n<tr>\n<td style=\"width: 50%; text-align: center;\">Petra Herren<\/td>\n<td style=\"width: 50%; text-align: center;\">Baptiste Uriel Meyer<\/td>\n<\/tr>\n<tr>\n<td style=\"width: 50%; text-align: center;\">Jean-Luc Holweger<\/td>\n<td style=\"width: 50%; text-align: center;\">Claudine Waespe<\/td>\n<\/tr>\n<tr>\n<td style=\"width: 50%; text-align: center;\">Roberto Jaeggi<\/td>\n<td style=\"width: 50%; text-align: center;\">Peter Zaugg<\/td>\n<\/tr>\n<tr>\n<td style=\"width: 50%; text-align: center;\">Karin Jordi<\/td>\n<td style=\"width: 50%; text-align: center;\">Mari\u00e8le Zufferey<\/td>\n<\/tr>\n<\/tbody>\n<\/table>\n<p><a href=\"https:\/\/www.balbuzards.ch\/en\/morning5\/\">Return to news<\/a><\/p>\n<p>&nbsp;<\/p>\n","protected":false},"excerpt":{"rendered":"<p>Many thanks to all! Our second Osprey morning involved a few less observers than that of May 29 (the dawn was a bit earlier and the holiday period was just starting), but a few more bird species were seen in total. Many participants photographed an impressive sunrise. Major bird surprises were a Spoonbill at Chevroux, &hellip; <a href=\"https:\/\/www.balbuzards.ch\/en\/participants5\/\" class=\"more-link\">Continue reading <span class=\"screen-reader-text\">Participants 19 June, 2022<\/span> <span class=\"meta-nav\">&rarr;<\/span><\/a><\/p>\n","protected":false},"author":3,"featured_media":0,"parent":0,"menu_order":0,"comment_status":"closed","ping_status":"closed","template":"","meta":{"footnotes":""},"class_list":["post-6861","page","type-page","status-publish","hentry"],"jetpack_sharing_enabled":true,"jetpack_shortlink":"https:\/\/wp.me\/P5MO3H-1MF","_links":{"self":[{"href":"https:\/\/www.balbuzards.ch\/en\/wp-json\/wp\/v2\/pages\/6861","targetHints":{"allow":["GET"]}}],"collection":[{"href":"https:\/\/www.balbuzards.ch\/en\/wp-json\/wp\/v2\/pages"}],"about":[{"href":"https:\/\/www.balbuzards.ch\/en\/wp-json\/wp\/v2\/types\/page"}],"author":[{"embeddable":true,"href":"https:\/\/www.balbuzards.ch\/en\/wp-json\/wp\/v2\/users\/3"}],"replies":[{"embeddable":true,"href":"https:\/\/www.balbuzards.ch\/en\/wp-json\/wp\/v2\/comments?post=6861"}],"version-history":[{"count":0,"href":"https:\/\/www.balbuzards.ch\/en\/wp-json\/wp\/v2\/pages\/6861\/revisions"}],"wp:attachment":[{"href":"https:\/\/www.balbuzards.ch\/en\/wp-json\/wp\/v2\/media?parent=6861"}],"curies":[{"name":"wp","href":"https:\/\/api.w.org\/{rel}","templated":true}]}}