{"id":5809,"date":"2021-01-14T23:21:42","date_gmt":"2021-01-14T22:21:42","guid":{"rendered":"https:\/\/www.balbuzards.ch\/?page_id=5809"},"modified":"2021-03-15T11:42:30","modified_gmt":"2021-03-15T10:42:30","slug":"team-2020","status":"publish","type":"page","link":"https:\/\/www.balbuzards.ch\/en\/team-2020\/","title":{"rendered":"Osprey Team 2020"},"content":{"rendered":"<p><a href=\"https:\/\/www.balbuzards.ch\/wp-content\/uploads\/2021\/03\/2020team-1.jpg\"><img loading=\"lazy\" decoding=\"async\" data-attachment-id=\"5810\" data-permalink=\"https:\/\/www.balbuzards.ch\/en\/team-2020\/2020team\/\" data-orig-file=\"https:\/\/www.balbuzards.ch\/wp-content\/uploads\/2021\/03\/2020team-1.jpg\" data-orig-size=\"1000,667\" data-comments-opened=\"0\" data-image-meta=\"{&quot;aperture&quot;:&quot;0&quot;,&quot;credit&quot;:&quot;&quot;,&quot;camera&quot;:&quot;&quot;,&quot;caption&quot;:&quot;&quot;,&quot;created_timestamp&quot;:&quot;0&quot;,&quot;copyright&quot;:&quot;&quot;,&quot;focal_length&quot;:&quot;0&quot;,&quot;iso&quot;:&quot;0&quot;,&quot;shutter_speed&quot;:&quot;0&quot;,&quot;title&quot;:&quot;&quot;,&quot;orientation&quot;:&quot;0&quot;}\" data-image-title=\"Projet Balbuzard Osprey team 2020\" data-image-description=\"&lt;p&gt;Projet Balbuzard Osprey team 2020&lt;\/p&gt;\n\" data-image-caption=\"\" data-large-file=\"https:\/\/www.balbuzards.ch\/wp-content\/uploads\/2021\/03\/2020team-1.jpg\" class=\"alignnone size-full wp-image-5810\" src=\"https:\/\/www.balbuzards.ch\/wp-content\/uploads\/2021\/03\/2020team-1.jpg\" alt=\"Projet Balbuzard Osprey team 2020\" width=\"1000\" height=\"667\" srcset=\"https:\/\/www.balbuzards.ch\/wp-content\/uploads\/2021\/03\/2020team-1.jpg 1000w, https:\/\/www.balbuzards.ch\/wp-content\/uploads\/2021\/03\/2020team-1-300x200.jpg 300w\" sizes=\"auto, (max-width: 1000px) 100vw, 1000px\" \/><\/a><\/p>\n<ul>\n<li>Wendy Strahm, project coordinator.<\/li>\n<li>Cyrielle Boudon &amp; Marine Brunel, Osprey wardens.<\/li>\n<li>The volunteers who spent at least two weeks with us during the summer of 2020 (Oc\u00e9ane Cordoliani, Christophe Chaigne, Niels Friedrich, Martine Guex-Meier, Alba Hendier, Sven Henrioux, Johnny Kursner, Denis Landenbergue, Florian Meier, Catherine Robert, Jean-Luc Simon and Mari\u00e8le Zufferey), as well as those who helped when needed (Solange Chuat-Clottu, Emile Curty, Christelle Mugny, Pascal Rapin and Christine Rast). A big thanks to all!<\/li>\n<li>Michel Beaud, President of the Osprey Project Steering Group; Adrian Aebischer, Didier Gobbo and Pascal Sch\u00f6pfer, for all their commitment and invaluable support.<\/li>\n<li>For the collection and transport of the young birds, Mario Firla, Holger Gabriel, and Daniel Schmidt in Germany; Rune Aae, assisted by Signe Lunde Aae, Anne-Marie Austad, Jan Ingar B\u00e5tvik, Lennart Fl\u00f8seth, Nikolai Aarseth Kr\u00f8genes and Sondre Krokeide in Norway.<\/li>\n<li>Special thanks to Ludovic Bourqui and Nora Frantschi of the <a href=\"https:\/\/en.crr-geneve.ch\/\" target=\"_blank\" rel=\"noopener\">Centre de R\u00e9adaptation des Rapaces<\/a>, as well as to David and Heidi Meyer who monitored the first breeding attempt of<em> Mouche<\/em> (PR4) in Moselle.<\/li>\n<li>Thanks also to the professional fishermen Claude Delley, Pierre Sch\u00e4r &amp; family, and David Francioli for all the fish that they generously provided for our birds.<\/li>\n<\/ul>\n<p>To see almost all the team in action, click <a href=\"https:\/\/www.balbuzards.ch\/en\/2020team\/\" target=\"_blank\" rel=\"noopener\">here<\/a>.<\/p>\n<p><a href=\"https:\/\/www.balbuzards.ch\/en\/osprey-champions\/\">Return to Osprey Champions<\/a><\/p>\n<p>&nbsp;<\/p>\n","protected":false},"excerpt":{"rendered":"<p>Wendy Strahm, project coordinator. Cyrielle Boudon &amp; Marine Brunel, Osprey wardens. The volunteers who spent at least two weeks with us during the summer of 2020 (Oc\u00e9ane Cordoliani, Christophe Chaigne, Niels Friedrich, Martine Guex-Meier, Alba Hendier, Sven Henrioux, Johnny Kursner, Denis Landenbergue, Florian Meier, Catherine Robert, Jean-Luc Simon and Mari\u00e8le Zufferey), as well as those &hellip; <a href=\"https:\/\/www.balbuzards.ch\/en\/team-2020\/\" class=\"more-link\">Continue reading <span class=\"screen-reader-text\">Osprey Team 2020<\/span> <span class=\"meta-nav\">&rarr;<\/span><\/a><\/p>\n","protected":false},"author":3,"featured_media":0,"parent":0,"menu_order":0,"comment_status":"closed","ping_status":"closed","template":"","meta":{"footnotes":""},"class_list":["post-5809","page","type-page","status-publish","hentry"],"jetpack_sharing_enabled":true,"jetpack_shortlink":"https:\/\/wp.me\/P5MO3H-1vH","_links":{"self":[{"href":"https:\/\/www.balbuzards.ch\/en\/wp-json\/wp\/v2\/pages\/5809","targetHints":{"allow":["GET"]}}],"collection":[{"href":"https:\/\/www.balbuzards.ch\/en\/wp-json\/wp\/v2\/pages"}],"about":[{"href":"https:\/\/www.balbuzards.ch\/en\/wp-json\/wp\/v2\/types\/page"}],"author":[{"embeddable":true,"href":"https:\/\/www.balbuzards.ch\/en\/wp-json\/wp\/v2\/users\/3"}],"replies":[{"embeddable":true,"href":"https:\/\/www.balbuzards.ch\/en\/wp-json\/wp\/v2\/comments?post=5809"}],"version-history":[{"count":0,"href":"https:\/\/www.balbuzards.ch\/en\/wp-json\/wp\/v2\/pages\/5809\/revisions"}],"wp:attachment":[{"href":"https:\/\/www.balbuzards.ch\/en\/wp-json\/wp\/v2\/media?parent=5809"}],"curies":[{"name":"wp","href":"https:\/\/api.w.org\/{rel}","templated":true}]}}