{"id":430,"date":"2015-03-14T11:12:09","date_gmt":"2015-03-14T11:12:09","guid":{"rendered":"http:\/\/www.balbuzards.ch\/?page_id=430"},"modified":"2015-05-13T08:07:28","modified_gmt":"2015-05-13T08:07:28","slug":"references","status":"publish","type":"page","link":"https:\/\/www.balbuzards.ch\/en\/references\/","title":{"rendered":"References"},"content":{"rendered":"<h3><img loading=\"lazy\" decoding=\"async\" class=\"alignnone wp-image-648 size-full\" src=\"https:\/\/www.balbuzards.ch\/wp-content\/uploads\/2015\/02\/Book-covers-836x463.jpg\" alt=\"Couvertures de publications\" width=\"836\" height=\"463\" srcset=\"https:\/\/www.balbuzards.ch\/wp-content\/uploads\/2015\/02\/Book-covers-836x463.jpg 836w, https:\/\/www.balbuzards.ch\/wp-content\/uploads\/2015\/02\/Book-covers-836x463-300x166.jpg 300w, https:\/\/www.balbuzards.ch\/wp-content\/uploads\/2015\/02\/Book-covers-836x463-672x372.jpg 672w\" sizes=\"auto, (max-width: 836px) 100vw, 836px\" \/><\/h3>\n<p>So much has been written on Ospreys that this list is far from exhaustive, but these are key references and links on which our project has been based.<\/p>\n<h1><span style=\"text-decoration: underline;\">Books<\/span><\/h1>\n<p>We put this first as\u00a0it is sort of\u00a0the &#8220;Bible&#8221; on Ospreys:<\/p>\n<p>Poole, A. (1989). <em>Ospreys: A Natural and Unnatural History<\/em>. Cambridge University Press, UK. 246 pp.<\/p>\n<h5>Other books\u00a0that we have enjoyed reading:<\/h5>\n<p>Dennis R. (2008). <a title=\"A Life of Ospreys\" href=\"http:\/\/www.roydennis.org\/\" target=\"_blank\"><em>A Life of Ospreys<\/em><\/a>. Whittles Publishing, Caithness, Scotland. 210 pp.<\/p>\n<p>Gessner, D. (2001). <em>Return of the Osprey: a season of flight and wonder<\/em>. Algonquin Books. 304 pp.<\/p>\n<p>Mackrill, T. (2013 ). <a title=\"The Rutland Water Ospreys\" href=\"http:\/\/www.ospreys.org.uk\/new-osprey-book\/\" target=\"_blank\"><em>The Rutland Water Ospreys<\/em><\/a>. Anglian Water and the Leicestershire &amp; Rutland Wildlife Trust. Bloomsbury Publishing: London, New Delhi, New York and Sydney. 160 pp.<\/p>\n<h5>Books with useful information about the species in Europe<\/h5>\n<p>Bijleveld, M. (1974). <em>Birds of prey in Europe<\/em>. MacMillan Press, London, U.K. 263 pp.<\/p>\n<p>BirdLife International (2004) <em>Birds in the European Union: a status assessment<\/em>. Wageningen, The Netherlands: BirdLife International.<\/p>\n<p>Cramp, S. (ed.). (1980). <em>Handbook of the Birds of Europe, the Middle East and North Africa.<\/em> Vol. II Hawks to Bustards. Oxford University Press, UK.<\/p>\n<p>G\u00e9roudet, P. (1987). <em>Les Oiseaux du Lac L\u00e9man<\/em>. \u00ab\u00a0Nos Oiseaux\u00a0\u00bb, Soci\u00e9t\u00e9 romande pour l\u2019\u00e9tude et la protection des oiseaux. Filanosa, Nyon, Suisse.<\/p>\n<p>G\u00e9roudet, P. (2000). <em>Les Rapaces d\u2019Europe: diurnes et nocturnes<\/em>. Delachaux et Niestl\u00e9. Lausanne, Suisse.<\/p>\n<p>Gl\u00fctz von Blotzheim, U.N. (ed.). (1971). Falconiformes. In:\u00a0<em>Handbuch der V\u00f6gels Mitteleuropas<\/em>. Tome 4. Akademische Verlagsgesellschaft, Frankfurt am Main. <em>Pandion haliaetus haliaetus<\/em> (Linn\u00e9 1758) pp. 29-58.<\/p>\n<p>Hagemeijer, E.J.M. &amp; Blair M.J. (eds.) (1997). <em>The EBCC atlas of European breeding birds: their distribution and abundance<\/em>. T. &amp; A.D. Poyser, London.<\/p>\n<p>Maumary, L., Vallotton, L., &amp; Knaus, P. (2007). <em>Les oiseaux de Suisse<\/em>. Station ornithologique suisse, Sempach &amp; Nos Oiseaux, Montmollin, Switzerland.<br \/>\n<a id=\"Stemmler\"><\/a><\/p>\n<h5>Historical references<\/h5>\n<p>Buffon, G.L.\u00a0L. (1799).\u00a0 <em>Histoire Naturelle. Oiseaux<\/em> (Tome 3). Didot, Paris.<\/p>\n<p>Fatio, V. &amp; Studer, Th. (1889). <a title=\"Fatio, V. &amp; Studer, Th. (1889).\" href=\"http:\/\/archive.org\/stream\/lesoiseauxdelasu115fati#page\/n8\/mode\/1up\" target=\"_blank\"><em>Catalogue des oiseaux de la Suisse\u00a0: Rapaces diurnes<\/em><\/a>. Vol. 1 avec 7 cartes. D\u00e9partement f\u00e9d\u00e9ral de l\u2019industrie et de l\u2019agriculture (division des for\u00eats). St\u00e4mpfli &amp; Cie., Berne et Gen\u00e8ve.<\/p>\n<p>Meisner, F. &amp; Schinz, H.R. (1815). <em>V\u00f6gel der Schweiz<\/em>. Orell-F\u00fcsli, Z\u00fcrich.<\/p>\n<p>Stemmler, C. (1932). Der Fischadler. In: <em>Die Adler der Schweiz<\/em>. Grethlein &amp; Co., Z\u00fcrich and Leipzig. pp. 127-143.<\/p>\n<h1><span style=\"text-decoration: underline;\">Articles<\/span>:<\/h1>\n<h5>Finland<\/h5>\n<p>Saurola, P. (1995). Finnish Ospreys <em>Pandion haliaetus<\/em> in 1971-1994. <em>Vogelwelt<\/em> 116: 199-204.<\/p>\n<p>Saurola, P. (2005). Monitoring and conservation of Finnish Ospreys <em>Pandion haliaetus<\/em> in 1971-2005. In: <em>Status of raptor populations in populations in eastern Fennoscandia<\/em>. Proceedings of the Workshop, Kostomuksha, Karelia, Russia, November 8-10, 2005.<\/p>\n<h5>France<\/h5>\n<p>There is lots of information on Ospreys in France at Balbuzard-Info\u00a0 <a href=\"http:\/\/rapaces.lpo.fr\/balbuzard\" target=\"_blank\"><span style=\"text-decoration: underline;\"><span style=\"color: #0066cc;\">http:\/\/rapaces.lpo.fr\/balbuzard<\/span><\/span><\/a><\/p>\n<p>Hirtz, M. (2009) [2008]. Nidification r\u00e9ussie du Balbuzard p\u00eacheur en Moselle en 2009. <em>Ciconia<\/em> 32(3): 81-88.<\/p>\n<p>Nadal, R. &amp; Tariel, Y. (2008). <em>2nd Plan national de restauration Balbuzard P\u00eacheur. 2008 \u2013 2012.<\/em> Ligue pour la Protection des Oiseaux \u2013 BirdLife France. 66 pp.<\/p>\n<p>Nadal, R., Wahl, R., Lesclaux, P., Tardivo, G. &amp; Tariel, Y. (2012). Le statut du Balbuzard p\u00eacheur <em>Pandion haliaetus<\/em> en France continentale. <em>Ornithos<\/em> 19(4)\u00a0: 265-275.<\/p>\n<p>Wahl, R. &amp; Barbraud, C. (2005). Dynamique de population et conservation du balbuzard p\u00eacheur <em>Pandion haliaetus<\/em> in r\u00e9gion centre. <em>Alauda<\/em> (4): 365-373.<\/p>\n<h5>Germany<\/h5>\n<p>Meyburg, B-U, Manowsky, O. &amp; Meyburg, C. (1996). The Osprey in Germany: Its Adaptation to Environments Altered by Man. In: D.M. Bird, D.E. Varland &amp; J.J. Negro (eds.) <em>Raptors in Human Landscapes<\/em>. Academic Press, London. Pp. 125-135.<\/p>\n<p>M\u00fcller, J., Schmid, L. &amp; Schmidt, D. (2008). Die R\u00fcckkehr des Fischadlers Pandion haliaetus als Brutvogel nach Bayern. Ornith<em>. Anz<\/em>. 47: 105-115.<\/p>\n<p>Schmidt, D. (1999). Untersuchungen zur Populationsbiologie und Habitatnutzung des Fschadlers Pandion haliaetus in Deutschland. <em>ILN-Werkstattreihe<\/em> 6: 1-100.<\/p>\n<p>Schmidt, D. (2001). Die Bestandsentwicklung des Fischadlers Pandion haliaetus in Deutschland im ausgehenden 20. Jahrhundert. <em>Vogelwelt<\/em> 122: 117-128.<\/p>\n<p>Schmidt, D., Herold, S., Lange, H. &amp; Reusse, P. (2006). Zur Philopatrie des Fischadlers Pandion haliaetus in Deutschland \u2013 Zwischenergebnisse des Farbringprogramms 1995-2004. <em>Populations\u00f6kologie Greifvogel- und Eulenarten<\/em> 5:133-142.<\/p>\n<p>Schmidt, D. (2010). Der Brutbestand des Fischadlers Pandion haliaetus in Deutschland im fr\u00fchen 21. Jahrhundert. <em>Charadrius<\/em> 46: 10-17.<\/p>\n<h5>Italy<\/h5>\n<p>Monti, F., Dominici, J.M., Choquet, R., Duriez, O., Sammuri, G. &amp; Sforzi, A. (2014). <a title=\"Osprey reintroduction in Central Italy\" href=\"http:\/\/www.tandfonline.com\/doi\/abs\/10.1080\/00063657.2014.961405#.VUtTsumJiUk\" target=\"_blank\">The Osprey reintroduction in Central Italy: dispersal, survival and first breeding data<\/a>. <em>Bird Study<\/em> 61(4): 465-473.<\/p>\n<h5>Portugal<\/h5>\n<p>Palma, L. (2001). The Osprey <em>Pandion haliaetus<\/em> on the Portuguese coast\u00a0: past, present and recovery potential. <em>Vogelwelt<\/em> 122: 179-190.<\/p>\n<h5>Spain<\/h5>\n<p>The Fundaci\u00f3n Migres works hard on conserving Ospreys in Spain. Keep up with them on their Facebook page <a title=\"Amigos del \u00c1guila pescadora\" href=\"https:\/\/www.facebook.com\/amigospescadora\" target=\"_blank\">Amigos del \u00c1guila pescadora<\/a><\/p>\n<p>Muriel, R., Ferrer, M., Casado, E. &amp; Schmidt, D. (2006). First breeding success of Osprey (<em>Pandion haliaetus<\/em>) in mainland Spain since 1981 using cross-fostering. <em>J. Raptor Res.<\/em> 40(4): 303-304.<\/p>\n<p>Muriel, R., Ferrer, M., Casado, E. &amp; P\u00e9rez Calabuig, C. (2010). First successful breeding of reintroduced Ospreys <em>Pandion haliaetus<\/em> in mainland Spain. <em>Ardeola<\/em> 57(1): 175-180.<\/p>\n<h5>Switzerland<\/h5>\n<p>Krummenacher, B., Weggler, M., Schmidt, D., Bollmann, K., K\u00f6chli, D. &amp; Robin, K. (2009). Wie gross sind die Chancen f\u00fcr eine Wiederansiedlung des Fischadlers <em>Pandion haliaetus<\/em> in der Schweiz? <em>Ornithol. Beob<\/em>. 106(2): 165-178.<\/p>\n<p>Strahm, W. &amp; Landenbergue, D. (2013). <a href=\"https:\/\/www.balbuzards.ch\/wp-content\/uploads\/2013\/09\/StrahmLandenbergue_2013_Balbuzard_60_123-142.pdf\" target=\"_blank\"><span style=\"text-decoration: underline;\"><span style=\"color: #0066cc;\">La r\u00e9introduction du Balbuzard p\u00eacheur <em>Pandion haliaetus<\/em> en Suisse romande<\/span><\/span><\/a>.\u00a0 <em>Nos Oiseaux<\/em> 60(3): 123-142.<\/p>\n<h5>UK<\/h5>\n<p>Dennis, R. &amp; Dixon, H. (2001). The experimental reintroduction of Ospreys <em>Pandion haliaetus<\/em> from Scotland to England. <em>Vogelwelt<\/em> 122: 147-154.<\/p>\n<h5>elsewhere in Europe and in the Mediterranean Basin<\/h5>\n<p>Monti, F. (2012). The Osprey, <em>Pandion haliaetus<\/em>, State of knowledge and conservation of the breeding population of the Mediterranean basin. Initiative PIM. 26 pp.<\/p>\n<p>Schmidt-Rothmund, D., Dennis, R. &amp; Saurola, P. (2014).\u00a0\u00a0The Osprey in the Western Palearctic: Breeding Population Size and Trends in the Early 21st Century. <em>J. of\u00a0 Raptor Research<\/em> 48(4): 375-386.<\/p>\n<h5>and finally in the USA<\/h5>\n<p>Martell, M.S., Englund, J.V. &amp; Tordoff, H.B. (2002). An urban Osprey population established by translocation. <em>J Raptor Res.<\/em> 36(2): 91-96.<\/p>\n<p>Rymon, L.M. (1989). The Restoration of Ospreys <em>Pandion haliaetus<\/em> to Breeding Status in Pennsylvania by Hacking (1980-1986). In: B.-U. Meyburg, &amp; R.D. Chancellor (eds.) <em>Raptors in the Modern World. World Working Group on Birds of Prey<\/em> (WWGBP). Berlin, London &amp; Paris. Pp. 359-362.<\/p>\n","protected":false},"excerpt":{"rendered":"<p>So much has been written on Ospreys that this list is far from exhaustive, but these are key references and links on which our project has been based. Books We put this first as\u00a0it is sort of\u00a0the &#8220;Bible&#8221; on Ospreys: Poole, A. (1989). Ospreys: A Natural and Unnatural History. Cambridge University Press, UK. 246 pp. &hellip; <a href=\"https:\/\/www.balbuzards.ch\/en\/references\/\" class=\"more-link\">Continue reading <span class=\"screen-reader-text\">References<\/span> <span class=\"meta-nav\">&rarr;<\/span><\/a><\/p>\n","protected":false},"author":3,"featured_media":0,"parent":0,"menu_order":0,"comment_status":"closed","ping_status":"closed","template":"page-templates\/full-width.php","meta":{"footnotes":""},"class_list":["post-430","page","type-page","status-publish","hentry"],"jetpack_sharing_enabled":true,"jetpack_shortlink":"https:\/\/wp.me\/P5MO3H-6W","_links":{"self":[{"href":"https:\/\/www.balbuzards.ch\/en\/wp-json\/wp\/v2\/pages\/430","targetHints":{"allow":["GET"]}}],"collection":[{"href":"https:\/\/www.balbuzards.ch\/en\/wp-json\/wp\/v2\/pages"}],"about":[{"href":"https:\/\/www.balbuzards.ch\/en\/wp-json\/wp\/v2\/types\/page"}],"author":[{"embeddable":true,"href":"https:\/\/www.balbuzards.ch\/en\/wp-json\/wp\/v2\/users\/3"}],"replies":[{"embeddable":true,"href":"https:\/\/www.balbuzards.ch\/en\/wp-json\/wp\/v2\/comments?post=430"}],"version-history":[{"count":0,"href":"https:\/\/www.balbuzards.ch\/en\/wp-json\/wp\/v2\/pages\/430\/revisions"}],"wp:attachment":[{"href":"https:\/\/www.balbuzards.ch\/en\/wp-json\/wp\/v2\/media?parent=430"}],"curies":[{"name":"wp","href":"https:\/\/api.w.org\/{rel}","templated":true}]}}